{"id":1046,"date":"2025-04-23T16:23:02","date_gmt":"2025-04-23T21:23:02","guid":{"rendered":"https:\/\/ascendbim.com\/formia-agente-bim\/"},"modified":"2025-05-19T22:04:23","modified_gmt":"2025-05-20T03:04:23","slug":"formia-agente-bim","status":"publish","type":"page","link":"https:\/\/ascendbim.com\/en\/formia-agente-bim\/","title":{"rendered":"FormIA (BIM Agent)"},"content":{"rendered":"\t\t<div data-elementor-type=\"wp-page\" data-elementor-id=\"1046\" class=\"elementor elementor-1046 elementor-423\" data-elementor-settings=\"{&quot;element_pack_global_tooltip_width&quot;:{&quot;unit&quot;:&quot;px&quot;,&quot;size&quot;:&quot;&quot;,&quot;sizes&quot;:[]},&quot;element_pack_global_tooltip_width_tablet&quot;:{&quot;unit&quot;:&quot;px&quot;,&quot;size&quot;:&quot;&quot;,&quot;sizes&quot;:[]},&quot;element_pack_global_tooltip_width_mobile&quot;:{&quot;unit&quot;:&quot;px&quot;,&quot;size&quot;:&quot;&quot;,&quot;sizes&quot;:[]},&quot;element_pack_global_tooltip_padding&quot;:{&quot;unit&quot;:&quot;px&quot;,&quot;top&quot;:&quot;&quot;,&quot;right&quot;:&quot;&quot;,&quot;bottom&quot;:&quot;&quot;,&quot;left&quot;:&quot;&quot;,&quot;isLinked&quot;:true},&quot;element_pack_global_tooltip_padding_tablet&quot;:{&quot;unit&quot;:&quot;px&quot;,&quot;top&quot;:&quot;&quot;,&quot;right&quot;:&quot;&quot;,&quot;bottom&quot;:&quot;&quot;,&quot;left&quot;:&quot;&quot;,&quot;isLinked&quot;:true},&quot;element_pack_global_tooltip_padding_mobile&quot;:{&quot;unit&quot;:&quot;px&quot;,&quot;top&quot;:&quot;&quot;,&quot;right&quot;:&quot;&quot;,&quot;bottom&quot;:&quot;&quot;,&quot;left&quot;:&quot;&quot;,&quot;isLinked&quot;:true},&quot;element_pack_global_tooltip_border_radius&quot;:{&quot;unit&quot;:&quot;px&quot;,&quot;top&quot;:&quot;&quot;,&quot;right&quot;:&quot;&quot;,&quot;bottom&quot;:&quot;&quot;,&quot;left&quot;:&quot;&quot;,&quot;isLinked&quot;:true},&quot;element_pack_global_tooltip_border_radius_tablet&quot;:{&quot;unit&quot;:&quot;px&quot;,&quot;top&quot;:&quot;&quot;,&quot;right&quot;:&quot;&quot;,&quot;bottom&quot;:&quot;&quot;,&quot;left&quot;:&quot;&quot;,&quot;isLinked&quot;:true},&quot;element_pack_global_tooltip_border_radius_mobile&quot;:{&quot;unit&quot;:&quot;px&quot;,&quot;top&quot;:&quot;&quot;,&quot;right&quot;:&quot;&quot;,&quot;bottom&quot;:&quot;&quot;,&quot;left&quot;:&quot;&quot;,&quot;isLinked&quot;:true}}\">\n\t\t\t\t\t\t<section class=\"elementor-section elementor-top-section elementor-element elementor-element-4f85703 elementor-section-boxed elementor-section-height-default elementor-section-height-default\" data-id=\"4f85703\" data-element_type=\"section\" data-e-type=\"section\" data-settings=\"{&quot;background_background&quot;:&quot;classic&quot;}\">\n\t\t\t\t\t\t<div class=\"elementor-container elementor-column-gap-default\">\n\t\t\t\t\t<div class=\"elementor-column elementor-col-100 elementor-top-column elementor-element elementor-element-7412c3c\" data-id=\"7412c3c\" data-element_type=\"column\" data-e-type=\"column\">\n\t\t\t<div class=\"elementor-widget-wrap elementor-element-populated\">\n\t\t\t\t\t\t<div class=\"elementor-element elementor-element-317cd75 ui-e-a-animate elementor-widget elementor-widget-highlighted-text\" data-id=\"317cd75\" data-element_type=\"widget\" data-e-type=\"widget\" data-widget_type=\"highlighted-text.default\">\n\t\t\t\t<div class=\"elementor-widget-container\">\n\t\t\t\t\t        <h1 class=\"ui-e--highlighted-text\">\n            <span class=\"ui-e-headline-text elementor-repeater-item-ba84f0d\">Form<\/span><span class=\"ui-e-headline-text elementor-repeater-item-4d42a18\">IA<\/span>        <\/h1>\n    \t\t\t\t<\/div>\n\t\t\t\t<\/div>\n\t\t\t\t<div class=\"elementor-element elementor-element-3ccce78 elementor-widget elementor-widget-text-editor\" data-id=\"3ccce78\" data-element_type=\"widget\" data-e-type=\"widget\" data-widget_type=\"text-editor.default\">\n\t\t\t\t<div class=\"elementor-widget-container\">\n\t\t\t\t\t\t\t\t\t<p>FormIA acts as an intelligent agent that not only answers questions about your company&#8217;s BIM and internal processes, but also executes operations directly in BIM software. This AI agent integrates into projects from question resolution to detailed model creation and engineering and manufacturing management.<\/p>\t\t\t\t\t\t\t\t<\/div>\n\t\t\t\t<\/div>\n\t\t\t\t\t<\/div>\n\t\t<\/div>\n\t\t\t\t\t<\/div>\n\t\t<\/section>\n\t\t\t\t<section class=\"elementor-section elementor-top-section elementor-element elementor-element-98cf710 elementor-section-boxed elementor-section-height-default elementor-section-height-default\" data-id=\"98cf710\" data-element_type=\"section\" data-e-type=\"section\" data-settings=\"{&quot;background_background&quot;:&quot;classic&quot;}\">\n\t\t\t\t\t\t<div class=\"elementor-container elementor-column-gap-default\">\n\t\t\t\t\t<div class=\"elementor-column elementor-col-100 elementor-top-column elementor-element elementor-element-38a3dba\" data-id=\"38a3dba\" data-element_type=\"column\" data-e-type=\"column\">\n\t\t\t<div class=\"elementor-widget-wrap elementor-element-populated\">\n\t\t\t\t<div class=\"elementor-element elementor-element-9ffa66e e-con-full e-flex e-con e-parent\" data-id=\"9ffa66e\" data-element_type=\"container\" data-e-type=\"container\">\n\t\t\t\t<div class=\"elementor-element elementor-element-80cb3d0 elementor-widget elementor-widget-text-editor\" data-id=\"80cb3d0\" data-element_type=\"widget\" data-e-type=\"widget\" data-widget_type=\"text-editor.default\">\n\t\t\t\t<div class=\"elementor-widget-container\">\n\t\t\t\t\t\t\t\t\t<strong><em>Try FormIA<\/em><\/strong>\t\t\t\t\t\t\t\t<\/div>\n\t\t\t\t<\/div>\n\t\t\t\t<\/div>\n\t\t<div class=\"elementor-element elementor-element-b99cbb7 e-con-full e-flex e-con e-parent\" data-id=\"b99cbb7\" data-element_type=\"container\" data-e-type=\"container\">\n\t\t\t\t<div class=\"elementor-element elementor-element-863f4d2 elementor-widget elementor-widget-button\" data-id=\"863f4d2\" data-element_type=\"widget\" data-e-type=\"widget\" data-widget_type=\"button.default\">\n\t\t\t\t<div class=\"elementor-widget-container\">\n\t\t\t\t\t\t\t\t\t<div class=\"elementor-button-wrapper\">\n\t\t\t\t\t<a class=\"elementor-button elementor-button-link elementor-size-sm\" href=\"https:\/\/github.com\/Forsa-Ascend\/FormIA\">\n\t\t\t\t\t\t<span class=\"elementor-button-content-wrapper\">\n\t\t\t\t\t\t\t\t\t<span class=\"elementor-button-text\">FormIA<\/span>\n\t\t\t\t\t<\/span>\n\t\t\t\t\t<\/a>\n\t\t\t\t<\/div>\n\t\t\t\t\t\t\t\t<\/div>\n\t\t\t\t<\/div>\n\t\t\t\t<\/div>\n\t\t\t\t\t<\/div>\n\t\t<\/div>\n\t\t\t\t\t<\/div>\n\t\t<\/section>\n\t\t\t\t<section class=\"elementor-section elementor-top-section elementor-element elementor-element-2c823c9 elementor-section-boxed elementor-section-height-default elementor-section-height-default\" data-id=\"2c823c9\" data-element_type=\"section\" data-e-type=\"section\" data-settings=\"{&quot;background_background&quot;:&quot;classic&quot;}\">\n\t\t\t\t\t\t\t<div class=\"elementor-background-overlay\"><\/div>\n\t\t\t\t\t\t\t<div class=\"elementor-container elementor-column-gap-default\">\n\t\t\t\t\t<div class=\"elementor-column elementor-col-100 elementor-top-column elementor-element elementor-element-d56a24e\" data-id=\"d56a24e\" data-element_type=\"column\" data-e-type=\"column\">\n\t\t\t<div class=\"elementor-widget-wrap elementor-element-populated\">\n\t\t\t\t\t\t<div class=\"elementor-element elementor-element-c0e6aa7 ui-e-a-animate elementor-widget elementor-widget-highlighted-text\" data-id=\"c0e6aa7\" data-element_type=\"widget\" data-e-type=\"widget\" data-widget_type=\"highlighted-text.default\">\n\t\t\t\t<div class=\"elementor-widget-container\">\n\t\t\t\t\t        <h2 class=\"ui-e--highlighted-text\">\n            <span class=\"ui-e-headline-text elementor-repeater-item-ba84f0d\">Functionalities<\/span>        <\/h2>\n    \t\t\t\t<\/div>\n\t\t\t\t<\/div>\n\t\t<div class=\"elementor-element elementor-element-59b0297 e-con-full e-flex e-con e-parent\" data-id=\"59b0297\" data-element_type=\"container\" data-e-type=\"container\">\n\t\t<div class=\"elementor-element elementor-element-a3e57ef e-con-full e-flex e-con e-child\" data-id=\"a3e57ef\" data-element_type=\"container\" data-e-type=\"container\" data-settings=\"{&quot;background_background&quot;:&quot;classic&quot;}\">\n\t\t\t\t<div class=\"elementor-element elementor-element-a430bcb elementor-widget elementor-widget-image\" data-id=\"a430bcb\" data-element_type=\"widget\" data-e-type=\"widget\" data-widget_type=\"image.default\">\n\t\t\t\t<div class=\"elementor-widget-container\">\n\t\t\t\t\t\t\t\t\t\t\t\t\t\t\t<img fetchpriority=\"high\" decoding=\"async\" width=\"1713\" height=\"1713\" src=\"https:\/\/ascendbim.com\/wp-content\/uploads\/2025\/04\/icono-ascend.png\" class=\"attachment-full size-full wp-image-940\" alt=\"\" srcset=\"https:\/\/ascendbim.com\/wp-content\/uploads\/2025\/04\/icono-ascend.png 1713w, https:\/\/ascendbim.com\/wp-content\/uploads\/2025\/04\/icono-ascend-300x300.png 300w, https:\/\/ascendbim.com\/wp-content\/uploads\/2025\/04\/icono-ascend-1024x1024.png 1024w, https:\/\/ascendbim.com\/wp-content\/uploads\/2025\/04\/icono-ascend-150x150.png 150w, https:\/\/ascendbim.com\/wp-content\/uploads\/2025\/04\/icono-ascend-768x768.png 768w, https:\/\/ascendbim.com\/wp-content\/uploads\/2025\/04\/icono-ascend-1536x1536.png 1536w, https:\/\/ascendbim.com\/wp-content\/uploads\/2025\/04\/icono-ascend-650x650.png 650w\" sizes=\"(max-width: 1713px) 100vw, 1713px\" \/>\t\t\t\t\t\t\t\t\t\t\t\t\t\t\t<\/div>\n\t\t\t\t<\/div>\n\t\t\t\t<div class=\"elementor-element elementor-element-38dfda7 elementor-widget elementor-widget-heading\" data-id=\"38dfda7\" data-element_type=\"widget\" data-e-type=\"widget\" data-widget_type=\"heading.default\">\n\t\t\t\t<div class=\"elementor-widget-container\">\n\t\t\t\t\t<h4 class=\"elementor-heading-title elementor-size-default\">Artificial Intelligence Assistant<\/h4>\t\t\t\t<\/div>\n\t\t\t\t<\/div>\n\t\t\t\t<div class=\"elementor-element elementor-element-89063e2 elementor-widget elementor-widget-text-editor\" data-id=\"89063e2\" data-element_type=\"widget\" data-e-type=\"widget\" data-widget_type=\"text-editor.default\">\n\t\t\t\t<div class=\"elementor-widget-container\">\n\t\t\t\t\t\t\t\t\t<p>Designed to revolutionize BIM project information management. With extensive knowledge of each company&#8217;s processes, FormIA provides instant and accurate answers to your technical questions, eliminating the need to consult extensive manuals or schedule meetings. Available 24\/7, it offers up-to-date and customized information. FormIA not only saves time, but also improves efficiency and reduces errors, becoming your indispensable partner to optimize processes.<\/p>\t\t\t\t\t\t\t\t<\/div>\n\t\t\t\t<\/div>\n\t\t\t\t<\/div>\n\t\t<div class=\"elementor-element elementor-element-61b708e e-con-full e-flex e-con e-child\" data-id=\"61b708e\" data-element_type=\"container\" data-e-type=\"container\" data-settings=\"{&quot;background_background&quot;:&quot;classic&quot;}\">\n\t\t\t\t<div class=\"elementor-element elementor-element-f77475c elementor-widget elementor-widget-image\" data-id=\"f77475c\" data-element_type=\"widget\" data-e-type=\"widget\" data-widget_type=\"image.default\">\n\t\t\t\t<div class=\"elementor-widget-container\">\n\t\t\t\t\t\t\t\t\t\t\t\t\t\t\t<img fetchpriority=\"high\" decoding=\"async\" width=\"1713\" height=\"1713\" src=\"https:\/\/ascendbim.com\/wp-content\/uploads\/2025\/04\/icono-ascend.png\" class=\"attachment-full size-full wp-image-940\" alt=\"\" srcset=\"https:\/\/ascendbim.com\/wp-content\/uploads\/2025\/04\/icono-ascend.png 1713w, https:\/\/ascendbim.com\/wp-content\/uploads\/2025\/04\/icono-ascend-300x300.png 300w, https:\/\/ascendbim.com\/wp-content\/uploads\/2025\/04\/icono-ascend-1024x1024.png 1024w, https:\/\/ascendbim.com\/wp-content\/uploads\/2025\/04\/icono-ascend-150x150.png 150w, https:\/\/ascendbim.com\/wp-content\/uploads\/2025\/04\/icono-ascend-768x768.png 768w, https:\/\/ascendbim.com\/wp-content\/uploads\/2025\/04\/icono-ascend-1536x1536.png 1536w, https:\/\/ascendbim.com\/wp-content\/uploads\/2025\/04\/icono-ascend-650x650.png 650w\" sizes=\"(max-width: 1713px) 100vw, 1713px\" \/>\t\t\t\t\t\t\t\t\t\t\t\t\t\t\t<\/div>\n\t\t\t\t<\/div>\n\t\t\t\t<div class=\"elementor-element elementor-element-1007290 elementor-widget elementor-widget-heading\" data-id=\"1007290\" data-element_type=\"widget\" data-e-type=\"widget\" data-widget_type=\"heading.default\">\n\t\t\t\t<div class=\"elementor-widget-container\">\n\t\t\t\t\t<h4 class=\"elementor-heading-title elementor-size-default\">Automatic plans with AI<\/h4>\t\t\t\t<\/div>\n\t\t\t\t<\/div>\n\t\t\t\t<div class=\"elementor-element elementor-element-b580bea elementor-widget elementor-widget-text-editor\" data-id=\"b580bea\" data-element_type=\"widget\" data-e-type=\"widget\" data-widget_type=\"text-editor.default\">\n\t\t\t\t<div class=\"elementor-widget-container\">\n\t\t\t\t\t\t\t\t\t<p>This innovative tool generates detailed and accurate drawings for individual parts and complete orders, automating the design process. Using advanced artificial intelligence, FormIA produces drawings with an LOD 500, ensuring maximum accuracy for manufacturing and construction. Seamlessly integrated with Autodesk and Bricsys software, it transforms workflow, saving time and improving project quality.<\/p>\t\t\t\t\t\t\t\t<\/div>\n\t\t\t\t<\/div>\n\t\t\t\t<\/div>\n\t\t<div class=\"elementor-element elementor-element-e5f4906 e-con-full e-flex e-con e-child\" data-id=\"e5f4906\" data-element_type=\"container\" data-e-type=\"container\" data-settings=\"{&quot;background_background&quot;:&quot;classic&quot;}\">\n\t\t\t\t<div class=\"elementor-element elementor-element-e0f8a2c elementor-widget elementor-widget-image\" data-id=\"e0f8a2c\" data-element_type=\"widget\" data-e-type=\"widget\" data-widget_type=\"image.default\">\n\t\t\t\t<div class=\"elementor-widget-container\">\n\t\t\t\t\t\t\t\t\t\t\t\t\t\t\t<img fetchpriority=\"high\" decoding=\"async\" width=\"1713\" height=\"1713\" src=\"https:\/\/ascendbim.com\/wp-content\/uploads\/2025\/04\/icono-ascend.png\" class=\"attachment-full size-full wp-image-940\" alt=\"\" srcset=\"https:\/\/ascendbim.com\/wp-content\/uploads\/2025\/04\/icono-ascend.png 1713w, https:\/\/ascendbim.com\/wp-content\/uploads\/2025\/04\/icono-ascend-300x300.png 300w, https:\/\/ascendbim.com\/wp-content\/uploads\/2025\/04\/icono-ascend-1024x1024.png 1024w, https:\/\/ascendbim.com\/wp-content\/uploads\/2025\/04\/icono-ascend-150x150.png 150w, https:\/\/ascendbim.com\/wp-content\/uploads\/2025\/04\/icono-ascend-768x768.png 768w, https:\/\/ascendbim.com\/wp-content\/uploads\/2025\/04\/icono-ascend-1536x1536.png 1536w, https:\/\/ascendbim.com\/wp-content\/uploads\/2025\/04\/icono-ascend-650x650.png 650w\" sizes=\"(max-width: 1713px) 100vw, 1713px\" \/>\t\t\t\t\t\t\t\t\t\t\t\t\t\t\t<\/div>\n\t\t\t\t<\/div>\n\t\t\t\t<div class=\"elementor-element elementor-element-826b550 elementor-widget elementor-widget-heading\" data-id=\"826b550\" data-element_type=\"widget\" data-e-type=\"widget\" data-widget_type=\"heading.default\">\n\t\t\t\t<div class=\"elementor-widget-container\">\n\t\t\t\t\t<h4 class=\"elementor-heading-title elementor-size-default\">Data analysis with AI<\/h4>\t\t\t\t<\/div>\n\t\t\t\t<\/div>\n\t\t\t\t<div class=\"elementor-element elementor-element-ad245f9 elementor-widget elementor-widget-text-editor\" data-id=\"ad245f9\" data-element_type=\"widget\" data-e-type=\"widget\" data-widget_type=\"text-editor.default\">\n\t\t\t\t<div class=\"elementor-widget-container\">\n\t\t\t\t\t\t\t\t\t<p>This powerful tool processes and analyzes project information, providing valuable insights and accurate predictions. From detecting gaps in data, to analyzing material inventory and generating new data based on historical data, FormIA optimizes decision making. With the ability to identify patterns, forecast material needs and evaluate efficiencies in past projects, this AI feature elevates strategic planning and resource management to a new level of accuracy and effectiveness.<\/p>\t\t\t\t\t\t\t\t<\/div>\n\t\t\t\t<\/div>\n\t\t\t\t<\/div>\n\t\t\t\t<\/div>\n\t\t\t\t\t<\/div>\n\t\t<\/div>\n\t\t\t\t\t<\/div>\n\t\t<\/section>\n\t\t\t\t<\/div>\n\t\t","protected":false},"excerpt":{"rendered":"<p>FormIA FormIA acts as an intelligent agent that not only answers questions about your company&#8217;s BIM and internal processes, but also executes [&hellip;]<\/p>\n","protected":false},"author":1,"featured_media":0,"parent":0,"menu_order":0,"comment_status":"closed","ping_status":"closed","template":"","meta":{"footnotes":""},"class_list":["post-1046","page","type-page","status-publish","hentry"],"yoast_head":"<!-- This site is optimized with the Yoast SEO plugin v27.0 - https:\/\/yoast.com\/product\/yoast-seo-wordpress\/ -->\n<title>FormIA (BIM Agent) - Ascend BIM<\/title>\n<meta name=\"description\" content=\"FormIA acts as an intelligent agent that not only answers questions about your company&#039;s BIM and internal processes, but also executes operations directly in BIM software.\" \/>\n<meta name=\"robots\" content=\"index, follow, max-snippet:-1, max-image-preview:large, max-video-preview:-1\" \/>\n<link rel=\"canonical\" href=\"https:\/\/ascendbim.com\/en\/formia-agente-bim\/\" \/>\n<meta property=\"og:locale\" content=\"en_US\" \/>\n<meta property=\"og:type\" content=\"article\" \/>\n<meta property=\"og:title\" content=\"FormIA (BIM Agent) - Ascend BIM\" \/>\n<meta property=\"og:description\" content=\"FormIA acts as an intelligent agent that not only answers questions about your company&#039;s BIM and internal processes, but also executes operations directly in BIM software.\" \/>\n<meta property=\"og:url\" content=\"https:\/\/ascendbim.com\/en\/formia-agente-bim\/\" \/>\n<meta property=\"og:site_name\" content=\"Ascend BIM\" \/>\n<meta property=\"article:publisher\" content=\"https:\/\/www.facebook.com\/AscendBIM\/\" \/>\n<meta property=\"article:modified_time\" content=\"2025-05-20T03:04:23+00:00\" \/>\n<meta property=\"og:image\" content=\"https:\/\/ascendbim.com\/wp-content\/uploads\/2025\/04\/icono-ascend.png\" \/>\n<meta name=\"twitter:card\" content=\"summary_large_image\" \/>\n<script type=\"application\/ld+json\" class=\"yoast-schema-graph\">{\"@context\":\"https:\/\/schema.org\",\"@graph\":[{\"@type\":\"WebPage\",\"@id\":\"https:\/\/ascendbim.com\/en\/formia-agente-bim\/\",\"url\":\"https:\/\/ascendbim.com\/en\/formia-agente-bim\/\",\"name\":\"FormIA (BIM Agent) - Ascend BIM\",\"isPartOf\":{\"@id\":\"https:\/\/ascendbim.com\/en\/#website\"},\"primaryImageOfPage\":{\"@id\":\"https:\/\/ascendbim.com\/en\/formia-agente-bim\/#primaryimage\"},\"image\":{\"@id\":\"https:\/\/ascendbim.com\/en\/formia-agente-bim\/#primaryimage\"},\"thumbnailUrl\":\"https:\/\/ascendbim.com\/wp-content\/uploads\/2025\/04\/icono-ascend.png\",\"datePublished\":\"2025-04-23T21:23:02+00:00\",\"dateModified\":\"2025-05-20T03:04:23+00:00\",\"description\":\"FormIA acts as an intelligent agent that not only answers questions about your company's BIM and internal processes, but also executes operations directly in BIM software.\",\"breadcrumb\":{\"@id\":\"https:\/\/ascendbim.com\/en\/formia-agente-bim\/#breadcrumb\"},\"inLanguage\":\"en-US\",\"potentialAction\":[{\"@type\":\"ReadAction\",\"target\":[\"https:\/\/ascendbim.com\/en\/formia-agente-bim\/\"]}]},{\"@type\":\"ImageObject\",\"inLanguage\":\"en-US\",\"@id\":\"https:\/\/ascendbim.com\/en\/formia-agente-bim\/#primaryimage\",\"url\":\"https:\/\/ascendbim.com\/wp-content\/uploads\/2025\/04\/icono-ascend.png\",\"contentUrl\":\"https:\/\/ascendbim.com\/wp-content\/uploads\/2025\/04\/icono-ascend.png\"},{\"@type\":\"BreadcrumbList\",\"@id\":\"https:\/\/ascendbim.com\/en\/formia-agente-bim\/#breadcrumb\",\"itemListElement\":[{\"@type\":\"ListItem\",\"position\":1,\"name\":\"Inicio\",\"item\":\"https:\/\/ascendbim.com\/en\/\"},{\"@type\":\"ListItem\",\"position\":2,\"name\":\"FormIA (BIM Agent)\"}]},{\"@type\":\"WebSite\",\"@id\":\"https:\/\/ascendbim.com\/en\/#website\",\"url\":\"https:\/\/ascendbim.com\/en\/\",\"name\":\"Ascend BIM\",\"description\":\"En Ascend BIM transformamos la industria de la construcci\u00f3n mediante soluciones basadas en metodolog\u00eda BIM, logrando que nuestros clientes sean cada vez m\u00e1s rentables, eficientes y competitivos a nivel nacional e internacional\",\"publisher\":{\"@id\":\"https:\/\/ascendbim.com\/en\/#organization\"},\"alternateName\":\"BIM Colombia\",\"potentialAction\":[{\"@type\":\"SearchAction\",\"target\":{\"@type\":\"EntryPoint\",\"urlTemplate\":\"https:\/\/ascendbim.com\/en\/?s={search_term_string}\"},\"query-input\":{\"@type\":\"PropertyValueSpecification\",\"valueRequired\":true,\"valueName\":\"search_term_string\"}}],\"inLanguage\":\"en-US\"},{\"@type\":\"Organization\",\"@id\":\"https:\/\/ascendbim.com\/en\/#organization\",\"name\":\"Ascend BIM\",\"alternateName\":\"BIM Colombia\",\"url\":\"https:\/\/ascendbim.com\/en\/\",\"logo\":{\"@type\":\"ImageObject\",\"inLanguage\":\"en-US\",\"@id\":\"https:\/\/ascendbim.com\/en\/#\/schema\/logo\/image\/\",\"url\":\"https:\/\/ascendbim.com\/wp-content\/uploads\/2025\/03\/logo-ascend-light.png\",\"contentUrl\":\"https:\/\/ascendbim.com\/wp-content\/uploads\/2025\/03\/logo-ascend-light.png\",\"width\":634,\"height\":225,\"caption\":\"Ascend BIM\"},\"image\":{\"@id\":\"https:\/\/ascendbim.com\/en\/#\/schema\/logo\/image\/\"},\"sameAs\":[\"https:\/\/www.facebook.com\/AscendBIM\/\",\"https:\/\/www.instagram.com\/ascendbim_es\/\",\"https:\/\/www.linkedin.com\/company\/ascend-webimit\/\"]}]}<\/script>\n<!-- \/ Yoast SEO plugin. -->","yoast_head_json":{"title":"FormIA (BIM Agent) - Ascend BIM","description":"FormIA acts as an intelligent agent that not only answers questions about your company's BIM and internal processes, but also executes operations directly in BIM software.","robots":{"index":"index","follow":"follow","max-snippet":"max-snippet:-1","max-image-preview":"max-image-preview:large","max-video-preview":"max-video-preview:-1"},"canonical":"https:\/\/ascendbim.com\/en\/formia-agente-bim\/","og_locale":"en_US","og_type":"article","og_title":"FormIA (BIM Agent) - Ascend BIM","og_description":"FormIA acts as an intelligent agent that not only answers questions about your company's BIM and internal processes, but also executes operations directly in BIM software.","og_url":"https:\/\/ascendbim.com\/en\/formia-agente-bim\/","og_site_name":"Ascend BIM","article_publisher":"https:\/\/www.facebook.com\/AscendBIM\/","article_modified_time":"2025-05-20T03:04:23+00:00","og_image":[{"url":"https:\/\/ascendbim.com\/wp-content\/uploads\/2025\/04\/icono-ascend.png","type":"","width":"","height":""}],"twitter_card":"summary_large_image","schema":{"@context":"https:\/\/schema.org","@graph":[{"@type":"WebPage","@id":"https:\/\/ascendbim.com\/en\/formia-agente-bim\/","url":"https:\/\/ascendbim.com\/en\/formia-agente-bim\/","name":"FormIA (BIM Agent) - Ascend BIM","isPartOf":{"@id":"https:\/\/ascendbim.com\/en\/#website"},"primaryImageOfPage":{"@id":"https:\/\/ascendbim.com\/en\/formia-agente-bim\/#primaryimage"},"image":{"@id":"https:\/\/ascendbim.com\/en\/formia-agente-bim\/#primaryimage"},"thumbnailUrl":"https:\/\/ascendbim.com\/wp-content\/uploads\/2025\/04\/icono-ascend.png","datePublished":"2025-04-23T21:23:02+00:00","dateModified":"2025-05-20T03:04:23+00:00","description":"FormIA acts as an intelligent agent that not only answers questions about your company's BIM and internal processes, but also executes operations directly in BIM software.","breadcrumb":{"@id":"https:\/\/ascendbim.com\/en\/formia-agente-bim\/#breadcrumb"},"inLanguage":"en-US","potentialAction":[{"@type":"ReadAction","target":["https:\/\/ascendbim.com\/en\/formia-agente-bim\/"]}]},{"@type":"ImageObject","inLanguage":"en-US","@id":"https:\/\/ascendbim.com\/en\/formia-agente-bim\/#primaryimage","url":"https:\/\/ascendbim.com\/wp-content\/uploads\/2025\/04\/icono-ascend.png","contentUrl":"https:\/\/ascendbim.com\/wp-content\/uploads\/2025\/04\/icono-ascend.png"},{"@type":"BreadcrumbList","@id":"https:\/\/ascendbim.com\/en\/formia-agente-bim\/#breadcrumb","itemListElement":[{"@type":"ListItem","position":1,"name":"Inicio","item":"https:\/\/ascendbim.com\/en\/"},{"@type":"ListItem","position":2,"name":"FormIA (BIM Agent)"}]},{"@type":"WebSite","@id":"https:\/\/ascendbim.com\/en\/#website","url":"https:\/\/ascendbim.com\/en\/","name":"Ascend BIM","description":"En Ascend BIM transformamos la industria de la construcci\u00f3n mediante soluciones basadas en metodolog\u00eda BIM, logrando que nuestros clientes sean cada vez m\u00e1s rentables, eficientes y competitivos a nivel nacional e internacional","publisher":{"@id":"https:\/\/ascendbim.com\/en\/#organization"},"alternateName":"BIM Colombia","potentialAction":[{"@type":"SearchAction","target":{"@type":"EntryPoint","urlTemplate":"https:\/\/ascendbim.com\/en\/?s={search_term_string}"},"query-input":{"@type":"PropertyValueSpecification","valueRequired":true,"valueName":"search_term_string"}}],"inLanguage":"en-US"},{"@type":"Organization","@id":"https:\/\/ascendbim.com\/en\/#organization","name":"Ascend BIM","alternateName":"BIM Colombia","url":"https:\/\/ascendbim.com\/en\/","logo":{"@type":"ImageObject","inLanguage":"en-US","@id":"https:\/\/ascendbim.com\/en\/#\/schema\/logo\/image\/","url":"https:\/\/ascendbim.com\/wp-content\/uploads\/2025\/03\/logo-ascend-light.png","contentUrl":"https:\/\/ascendbim.com\/wp-content\/uploads\/2025\/03\/logo-ascend-light.png","width":634,"height":225,"caption":"Ascend BIM"},"image":{"@id":"https:\/\/ascendbim.com\/en\/#\/schema\/logo\/image\/"},"sameAs":["https:\/\/www.facebook.com\/AscendBIM\/","https:\/\/www.instagram.com\/ascendbim_es\/","https:\/\/www.linkedin.com\/company\/ascend-webimit\/"]}]}},"_links":{"self":[{"href":"https:\/\/ascendbim.com\/en\/wp-json\/wp\/v2\/pages\/1046","targetHints":{"allow":["GET"]}}],"collection":[{"href":"https:\/\/ascendbim.com\/en\/wp-json\/wp\/v2\/pages"}],"about":[{"href":"https:\/\/ascendbim.com\/en\/wp-json\/wp\/v2\/types\/page"}],"author":[{"embeddable":true,"href":"https:\/\/ascendbim.com\/en\/wp-json\/wp\/v2\/users\/1"}],"replies":[{"embeddable":true,"href":"https:\/\/ascendbim.com\/en\/wp-json\/wp\/v2\/comments?post=1046"}],"version-history":[{"count":5,"href":"https:\/\/ascendbim.com\/en\/wp-json\/wp\/v2\/pages\/1046\/revisions"}],"predecessor-version":[{"id":1051,"href":"https:\/\/ascendbim.com\/en\/wp-json\/wp\/v2\/pages\/1046\/revisions\/1051"}],"wp:attachment":[{"href":"https:\/\/ascendbim.com\/en\/wp-json\/wp\/v2\/media?parent=1046"}],"curies":[{"name":"wp","href":"https:\/\/api.w.org\/{rel}","templated":true}]}}