{"id":1040,"date":"2025-05-02T10:56:06","date_gmt":"2025-05-02T15:56:06","guid":{"rendered":"https:\/\/ascendbim.com\/contactanos\/"},"modified":"2025-05-19T21:50:55","modified_gmt":"2025-05-20T02:50:55","slug":"contact-us","status":"publish","type":"page","link":"https:\/\/ascendbim.com\/en\/contact-us\/","title":{"rendered":"Contact us"},"content":{"rendered":"\t\t<div data-elementor-type=\"wp-page\" data-elementor-id=\"1040\" class=\"elementor elementor-1040 elementor-603\" data-elementor-settings=\"{&quot;element_pack_global_tooltip_width&quot;:{&quot;unit&quot;:&quot;px&quot;,&quot;size&quot;:&quot;&quot;,&quot;sizes&quot;:[]},&quot;element_pack_global_tooltip_width_tablet&quot;:{&quot;unit&quot;:&quot;px&quot;,&quot;size&quot;:&quot;&quot;,&quot;sizes&quot;:[]},&quot;element_pack_global_tooltip_width_mobile&quot;:{&quot;unit&quot;:&quot;px&quot;,&quot;size&quot;:&quot;&quot;,&quot;sizes&quot;:[]},&quot;element_pack_global_tooltip_padding&quot;:{&quot;unit&quot;:&quot;px&quot;,&quot;top&quot;:&quot;&quot;,&quot;right&quot;:&quot;&quot;,&quot;bottom&quot;:&quot;&quot;,&quot;left&quot;:&quot;&quot;,&quot;isLinked&quot;:true},&quot;element_pack_global_tooltip_padding_tablet&quot;:{&quot;unit&quot;:&quot;px&quot;,&quot;top&quot;:&quot;&quot;,&quot;right&quot;:&quot;&quot;,&quot;bottom&quot;:&quot;&quot;,&quot;left&quot;:&quot;&quot;,&quot;isLinked&quot;:true},&quot;element_pack_global_tooltip_padding_mobile&quot;:{&quot;unit&quot;:&quot;px&quot;,&quot;top&quot;:&quot;&quot;,&quot;right&quot;:&quot;&quot;,&quot;bottom&quot;:&quot;&quot;,&quot;left&quot;:&quot;&quot;,&quot;isLinked&quot;:true},&quot;element_pack_global_tooltip_border_radius&quot;:{&quot;unit&quot;:&quot;px&quot;,&quot;top&quot;:&quot;&quot;,&quot;right&quot;:&quot;&quot;,&quot;bottom&quot;:&quot;&quot;,&quot;left&quot;:&quot;&quot;,&quot;isLinked&quot;:true},&quot;element_pack_global_tooltip_border_radius_tablet&quot;:{&quot;unit&quot;:&quot;px&quot;,&quot;top&quot;:&quot;&quot;,&quot;right&quot;:&quot;&quot;,&quot;bottom&quot;:&quot;&quot;,&quot;left&quot;:&quot;&quot;,&quot;isLinked&quot;:true},&quot;element_pack_global_tooltip_border_radius_mobile&quot;:{&quot;unit&quot;:&quot;px&quot;,&quot;top&quot;:&quot;&quot;,&quot;right&quot;:&quot;&quot;,&quot;bottom&quot;:&quot;&quot;,&quot;left&quot;:&quot;&quot;,&quot;isLinked&quot;:true}}\">\n\t\t\t\t\t\t<section class=\"elementor-section elementor-top-section elementor-element elementor-element-2c823c9 elementor-section-boxed elementor-section-height-default elementor-section-height-default\" data-id=\"2c823c9\" data-element_type=\"section\" data-e-type=\"section\" data-settings=\"{&quot;background_background&quot;:&quot;classic&quot;}\">\n\t\t\t\t\t\t\t<div class=\"elementor-background-overlay\"><\/div>\n\t\t\t\t\t\t\t<div class=\"elementor-container elementor-column-gap-default\">\n\t\t\t\t\t<div class=\"elementor-column elementor-col-100 elementor-top-column elementor-element elementor-element-d56a24e\" data-id=\"d56a24e\" data-element_type=\"column\" data-e-type=\"column\">\n\t\t\t<div class=\"elementor-widget-wrap elementor-element-populated\">\n\t\t\t\t\t\t<div class=\"elementor-element elementor-element-317cd75 ui-e-a-animate elementor-widget elementor-widget-highlighted-text\" data-id=\"317cd75\" data-element_type=\"widget\" data-e-type=\"widget\" data-widget_type=\"highlighted-text.default\">\n\t\t\t\t<div class=\"elementor-widget-container\">\n\t\t\t\t\t        <h1 class=\"ui-e--highlighted-text\">\n            <span class=\"ui-e-headline-text elementor-repeater-item-4d42a18 ui-e-headline-color\">\n\t\t\t\t\t\t\t\t\t<span class=\"whitespace\"><\/span>\n                                    <span>\n                                        <span class=\"ui-e-headline-text ui-e-headline-highlighted\">Contact Us<\/span><span class=\"uicore-svg-wrapper\"><svg xmlns=\"http:\/\/www.w3.org\/2000\/svg\" viewBox=\"0 0 500 150\" preserveAspectRatio=\"none\"><\/svg><\/span><\/span> <span class=\"whitespace\"> <\/span><\/span>        <\/h1>\n    \t\t\t\t<\/div>\n\t\t\t\t<\/div>\n\t\t\t\t<div class=\"elementor-element elementor-element-3ccce78 elementor-widget elementor-widget-text-editor\" data-id=\"3ccce78\" data-element_type=\"widget\" data-e-type=\"widget\" data-widget_type=\"text-editor.default\">\n\t\t\t\t<div class=\"elementor-widget-container\">\n\t\t\t\t\t\t\t\t\tAt Ascend, we&#8217;re ready to help you. If you&#8217;d like more information about our products, services, diplomas, or simply have any questions, don&#8217;t hesitate to contact us. Your message is important and will be answered as quickly as possible.\t\t\t\t\t\t\t\t<\/div>\n\t\t\t\t<\/div>\n\t\t\t\t<div class=\"elementor-element elementor-element-286dcea elementor-widget elementor-widget-bdt-contact-form-7\" data-id=\"286dcea\" data-element_type=\"widget\" data-e-type=\"widget\" data-widget_type=\"bdt-contact-form-7.default\">\n\t\t\t\t<div class=\"elementor-widget-container\">\n\t\t\t\t\t\n<div class=\"wpcf7 no-js\" id=\"wpcf7-f1039-o1\" lang=\"en-US\" dir=\"ltr\" data-wpcf7-id=\"1039\">\n<div class=\"screen-reader-response\"><p role=\"status\" aria-live=\"polite\" aria-atomic=\"true\"><\/p> <ul><\/ul><\/div>\n<form action=\"\/en\/wp-json\/wp\/v2\/pages\/1040#wpcf7-f1039-o1\" method=\"post\" class=\"wpcf7-form init\" aria-label=\"Contact form\" novalidate=\"novalidate\" data-status=\"init\">\n<fieldset class=\"hidden-fields-container\"><input type=\"hidden\" name=\"_wpcf7\" value=\"1039\" \/><input type=\"hidden\" name=\"_wpcf7_version\" value=\"6.1.5\" \/><input type=\"hidden\" name=\"_wpcf7_locale\" value=\"en_US\" \/><input type=\"hidden\" name=\"_wpcf7_unit_tag\" value=\"wpcf7-f1039-o1\" \/><input type=\"hidden\" name=\"_wpcf7_container_post\" value=\"0\" \/><input type=\"hidden\" name=\"_wpcf7_posted_data_hash\" value=\"\" \/><input type=\"hidden\" name=\"_wpcf7_recaptcha_response\" value=\"\" \/>\n<\/fieldset>\n<div class=\"cf-container\">\n\t<div class=\"cf-col-12 mb-15\">\n\t\t<p><label>Name*<\/label><br \/>\n<span class=\"wpcf7-form-control-wrap\" data-name=\"your_name\"><input size=\"40\" maxlength=\"400\" class=\"wpcf7-form-control wpcf7-text wpcf7-validates-as-required\" aria-required=\"true\" aria-invalid=\"false\" value=\"\" type=\"text\" name=\"your_name\" \/><\/span>\n\t\t<\/p>\n\t<\/div>\n\t<div class=\"cf-col-12 mb-15\">\n\t\t<p><label>Subject*<\/label><br \/>\n<span class=\"wpcf7-form-control-wrap\" data-name=\"Subject\"><select class=\"wpcf7-form-control wpcf7-select wpcf7-validates-as-required\" aria-required=\"true\" aria-invalid=\"false\" name=\"Subject\"><option value=\"\">More information about a service<\/option><option value=\"I&#039;m interested in a diploma\/course\">I&#039;m interested in a diploma\/course<\/option><option value=\"I want to be contacted\">I want to be contacted<\/option><option value=\"I want to send my r\u00e9sum\u00e9 (CV)\">I want to send my r\u00e9sum\u00e9 (CV)<\/option><option value=\"PQRSF\">PQRSF<\/option><option value=\"BIM modeling for manufacturing\">BIM modeling for manufacturing<\/option><option value=\"BIM construction management\">BIM construction management<\/option><option value=\"Virtual and augmented reality\">Virtual and augmented reality<\/option><option value=\"Custom software development\">Custom software development<\/option><option value=\"BIM implementation in companies\">BIM implementation in companies<\/option><option value=\"Workouts\">Workouts<\/option><\/select><\/span>\n\t\t<\/p>\n\t<\/div>\n\t<div class=\"cf-col-12 mb-15\">\n\t\t<p><label>Cell Phone*<\/label><br \/>\n<span class=\"wpcf7-form-control-wrap\" data-name=\"mobile\"><input size=\"40\" maxlength=\"400\" class=\"wpcf7-form-control wpcf7-tel wpcf7-validates-as-required wpcf7-text wpcf7-validates-as-tel\" aria-required=\"true\" aria-invalid=\"false\" value=\"\" type=\"tel\" name=\"mobile\" \/><\/span>\n\t\t<\/p>\n\t<\/div>\n\t<div class=\"cf-col-12 mb-15\">\n\t\t<p><label>Email*<\/label><br \/>\n<span class=\"wpcf7-form-control-wrap\" data-name=\"email\"><input size=\"40\" maxlength=\"400\" class=\"wpcf7-form-control wpcf7-email wpcf7-validates-as-required wpcf7-text wpcf7-validates-as-email\" aria-required=\"true\" aria-invalid=\"false\" value=\"\" type=\"email\" name=\"email\" \/><\/span>\n\t\t<\/p>\n\t<\/div>\n\t<div class=\"cf-col-12 mb-15\">\n\t\t<p><label>Message*<\/label><br \/>\n<span class=\"wpcf7-form-control-wrap\" data-name=\"description\"><textarea cols=\"40\" rows=\"10\" maxlength=\"2000\" class=\"wpcf7-form-control wpcf7-textarea wpcf7-validates-as-required\" aria-required=\"true\" aria-invalid=\"false\" name=\"description\"><\/textarea><\/span>\n\t\t<\/p>\n\t<\/div>\n\t<div class=\"cf-col-12 mb-15\">\n\t\t<p><span class=\"wpcf7-form-control-wrap\" data-name=\"aceptacion\"><span class=\"wpcf7-form-control wpcf7-acceptance optional\"><span class=\"wpcf7-list-item\"><label><input type=\"checkbox\" name=\"aceptacion\" value=\"1\" aria-invalid=\"false\" \/><span class=\"wpcf7-list-item-label\">I have read and accept the <a rel=\"nofollow\" target=\"_new\" href=\"\/wp-content\/uploads\/2025\/04\/AVISODEPRIVACIDADASCENDGROUPSAS.pdf\">Personal Data Processing Policy<\/a>.<\/span><\/label><\/span><\/span><\/span>\n\t\t<\/p>\n\t<\/div>\n\t<div class=\"cf-col-12\">\n\t\t<p><input class=\"wpcf7-form-control wpcf7-submit has-spinner\" type=\"submit\" value=\"Send\" \/>\n\t\t<\/p>\n\t<\/div>\n<\/div><div class=\"wpcf7-response-output\" aria-hidden=\"true\"><\/div>\n<\/form>\n<\/div>\n\t\t\t\t<\/div>\n\t\t\t\t<\/div>\n\t\t\t\t\t<\/div>\n\t\t<\/div>\n\t\t\t\t\t<\/div>\n\t\t<\/section>\n\t\t\t\t<\/div>\n\t\t","protected":false},"excerpt":{"rendered":"<p>Contact Us At Ascend, we&#8217;re ready to help you. If you&#8217;d like more information about our products, services, diplomas, or simply have [&hellip;]<\/p>\n","protected":false},"author":1,"featured_media":0,"parent":0,"menu_order":0,"comment_status":"closed","ping_status":"closed","template":"","meta":{"footnotes":""},"class_list":["post-1040","page","type-page","status-publish","hentry"],"yoast_head":"<!-- This site is optimized with the Yoast SEO plugin v27.0 - https:\/\/yoast.com\/product\/yoast-seo-wordpress\/ -->\n<title>Contact us - Ascend BIM<\/title>\n<meta name=\"description\" content=\"At Ascend, we&#039;re ready to help you. If you&#039;d like more information about our products, services, diplomas, or simply have any questions, don&#039;t hesitate to contact us. Your message is important and will be answered as quickly as possible.\" \/>\n<meta name=\"robots\" content=\"index, follow, max-snippet:-1, max-image-preview:large, max-video-preview:-1\" \/>\n<link rel=\"canonical\" href=\"https:\/\/ascendbim.com\/en\/contact-us\/\" \/>\n<meta property=\"og:locale\" content=\"en_US\" \/>\n<meta property=\"og:type\" content=\"article\" \/>\n<meta property=\"og:title\" content=\"Contact us - Ascend BIM\" \/>\n<meta property=\"og:description\" content=\"At Ascend, we&#039;re ready to help you. If you&#039;d like more information about our products, services, diplomas, or simply have any questions, don&#039;t hesitate to contact us. Your message is important and will be answered as quickly as possible.\" \/>\n<meta property=\"og:url\" content=\"https:\/\/ascendbim.com\/en\/contact-us\/\" \/>\n<meta property=\"og:site_name\" content=\"Ascend BIM\" \/>\n<meta property=\"article:publisher\" content=\"https:\/\/www.facebook.com\/AscendBIM\/\" \/>\n<meta property=\"article:modified_time\" content=\"2025-05-20T02:50:55+00:00\" \/>\n<meta property=\"og:image\" content=\"https:\/\/ascendbim.com\/wp-content\/uploads\/2025\/05\/ascend-seo.jpg\" \/>\n\t<meta property=\"og:image:width\" content=\"1200\" \/>\n\t<meta property=\"og:image:height\" content=\"675\" \/>\n\t<meta property=\"og:image:type\" content=\"image\/jpeg\" \/>\n<meta name=\"twitter:card\" content=\"summary_large_image\" \/>\n<meta name=\"twitter:label1\" content=\"Est. reading time\" \/>\n\t<meta name=\"twitter:data1\" content=\"1 minute\" \/>\n<script type=\"application\/ld+json\" class=\"yoast-schema-graph\">{\"@context\":\"https:\/\/schema.org\",\"@graph\":[{\"@type\":\"WebPage\",\"@id\":\"https:\/\/ascendbim.com\/en\/contact-us\/\",\"url\":\"https:\/\/ascendbim.com\/en\/contact-us\/\",\"name\":\"Contact us - Ascend BIM\",\"isPartOf\":{\"@id\":\"https:\/\/ascendbim.com\/en\/#website\"},\"datePublished\":\"2025-05-02T15:56:06+00:00\",\"dateModified\":\"2025-05-20T02:50:55+00:00\",\"description\":\"At Ascend, we're ready to help you. If you'd like more information about our products, services, diplomas, or simply have any questions, don't hesitate to contact us. Your message is important and will be answered as quickly as possible.\",\"breadcrumb\":{\"@id\":\"https:\/\/ascendbim.com\/en\/contact-us\/#breadcrumb\"},\"inLanguage\":\"en-US\",\"potentialAction\":[{\"@type\":\"ReadAction\",\"target\":[\"https:\/\/ascendbim.com\/en\/contact-us\/\"]}]},{\"@type\":\"BreadcrumbList\",\"@id\":\"https:\/\/ascendbim.com\/en\/contact-us\/#breadcrumb\",\"itemListElement\":[{\"@type\":\"ListItem\",\"position\":1,\"name\":\"Inicio\",\"item\":\"https:\/\/ascendbim.com\/en\/\"},{\"@type\":\"ListItem\",\"position\":2,\"name\":\"Contact us\"}]},{\"@type\":\"WebSite\",\"@id\":\"https:\/\/ascendbim.com\/en\/#website\",\"url\":\"https:\/\/ascendbim.com\/en\/\",\"name\":\"Ascend BIM\",\"description\":\"En Ascend BIM transformamos la industria de la construcci\u00f3n mediante soluciones basadas en metodolog\u00eda BIM, logrando que nuestros clientes sean cada vez m\u00e1s rentables, eficientes y competitivos a nivel nacional e internacional\",\"publisher\":{\"@id\":\"https:\/\/ascendbim.com\/en\/#organization\"},\"alternateName\":\"BIM Colombia\",\"potentialAction\":[{\"@type\":\"SearchAction\",\"target\":{\"@type\":\"EntryPoint\",\"urlTemplate\":\"https:\/\/ascendbim.com\/en\/?s={search_term_string}\"},\"query-input\":{\"@type\":\"PropertyValueSpecification\",\"valueRequired\":true,\"valueName\":\"search_term_string\"}}],\"inLanguage\":\"en-US\"},{\"@type\":\"Organization\",\"@id\":\"https:\/\/ascendbim.com\/en\/#organization\",\"name\":\"Ascend BIM\",\"alternateName\":\"BIM Colombia\",\"url\":\"https:\/\/ascendbim.com\/en\/\",\"logo\":{\"@type\":\"ImageObject\",\"inLanguage\":\"en-US\",\"@id\":\"https:\/\/ascendbim.com\/en\/#\/schema\/logo\/image\/\",\"url\":\"https:\/\/ascendbim.com\/wp-content\/uploads\/2025\/03\/logo-ascend-light.png\",\"contentUrl\":\"https:\/\/ascendbim.com\/wp-content\/uploads\/2025\/03\/logo-ascend-light.png\",\"width\":634,\"height\":225,\"caption\":\"Ascend BIM\"},\"image\":{\"@id\":\"https:\/\/ascendbim.com\/en\/#\/schema\/logo\/image\/\"},\"sameAs\":[\"https:\/\/www.facebook.com\/AscendBIM\/\",\"https:\/\/www.instagram.com\/ascendbim_es\/\",\"https:\/\/www.linkedin.com\/company\/ascend-webimit\/\"]}]}<\/script>\n<!-- \/ Yoast SEO plugin. -->","yoast_head_json":{"title":"Contact us - Ascend BIM","description":"At Ascend, we're ready to help you. If you'd like more information about our products, services, diplomas, or simply have any questions, don't hesitate to contact us. Your message is important and will be answered as quickly as possible.","robots":{"index":"index","follow":"follow","max-snippet":"max-snippet:-1","max-image-preview":"max-image-preview:large","max-video-preview":"max-video-preview:-1"},"canonical":"https:\/\/ascendbim.com\/en\/contact-us\/","og_locale":"en_US","og_type":"article","og_title":"Contact us - Ascend BIM","og_description":"At Ascend, we're ready to help you. If you'd like more information about our products, services, diplomas, or simply have any questions, don't hesitate to contact us. Your message is important and will be answered as quickly as possible.","og_url":"https:\/\/ascendbim.com\/en\/contact-us\/","og_site_name":"Ascend BIM","article_publisher":"https:\/\/www.facebook.com\/AscendBIM\/","article_modified_time":"2025-05-20T02:50:55+00:00","og_image":[{"width":1200,"height":675,"url":"https:\/\/ascendbim.com\/wp-content\/uploads\/2025\/05\/ascend-seo.jpg","type":"image\/jpeg"}],"twitter_card":"summary_large_image","twitter_misc":{"Est. reading time":"1 minute"},"schema":{"@context":"https:\/\/schema.org","@graph":[{"@type":"WebPage","@id":"https:\/\/ascendbim.com\/en\/contact-us\/","url":"https:\/\/ascendbim.com\/en\/contact-us\/","name":"Contact us - Ascend BIM","isPartOf":{"@id":"https:\/\/ascendbim.com\/en\/#website"},"datePublished":"2025-05-02T15:56:06+00:00","dateModified":"2025-05-20T02:50:55+00:00","description":"At Ascend, we're ready to help you. If you'd like more information about our products, services, diplomas, or simply have any questions, don't hesitate to contact us. Your message is important and will be answered as quickly as possible.","breadcrumb":{"@id":"https:\/\/ascendbim.com\/en\/contact-us\/#breadcrumb"},"inLanguage":"en-US","potentialAction":[{"@type":"ReadAction","target":["https:\/\/ascendbim.com\/en\/contact-us\/"]}]},{"@type":"BreadcrumbList","@id":"https:\/\/ascendbim.com\/en\/contact-us\/#breadcrumb","itemListElement":[{"@type":"ListItem","position":1,"name":"Inicio","item":"https:\/\/ascendbim.com\/en\/"},{"@type":"ListItem","position":2,"name":"Contact us"}]},{"@type":"WebSite","@id":"https:\/\/ascendbim.com\/en\/#website","url":"https:\/\/ascendbim.com\/en\/","name":"Ascend BIM","description":"En Ascend BIM transformamos la industria de la construcci\u00f3n mediante soluciones basadas en metodolog\u00eda BIM, logrando que nuestros clientes sean cada vez m\u00e1s rentables, eficientes y competitivos a nivel nacional e internacional","publisher":{"@id":"https:\/\/ascendbim.com\/en\/#organization"},"alternateName":"BIM Colombia","potentialAction":[{"@type":"SearchAction","target":{"@type":"EntryPoint","urlTemplate":"https:\/\/ascendbim.com\/en\/?s={search_term_string}"},"query-input":{"@type":"PropertyValueSpecification","valueRequired":true,"valueName":"search_term_string"}}],"inLanguage":"en-US"},{"@type":"Organization","@id":"https:\/\/ascendbim.com\/en\/#organization","name":"Ascend BIM","alternateName":"BIM Colombia","url":"https:\/\/ascendbim.com\/en\/","logo":{"@type":"ImageObject","inLanguage":"en-US","@id":"https:\/\/ascendbim.com\/en\/#\/schema\/logo\/image\/","url":"https:\/\/ascendbim.com\/wp-content\/uploads\/2025\/03\/logo-ascend-light.png","contentUrl":"https:\/\/ascendbim.com\/wp-content\/uploads\/2025\/03\/logo-ascend-light.png","width":634,"height":225,"caption":"Ascend BIM"},"image":{"@id":"https:\/\/ascendbim.com\/en\/#\/schema\/logo\/image\/"},"sameAs":["https:\/\/www.facebook.com\/AscendBIM\/","https:\/\/www.instagram.com\/ascendbim_es\/","https:\/\/www.linkedin.com\/company\/ascend-webimit\/"]}]}},"_links":{"self":[{"href":"https:\/\/ascendbim.com\/en\/wp-json\/wp\/v2\/pages\/1040","targetHints":{"allow":["GET"]}}],"collection":[{"href":"https:\/\/ascendbim.com\/en\/wp-json\/wp\/v2\/pages"}],"about":[{"href":"https:\/\/ascendbim.com\/en\/wp-json\/wp\/v2\/types\/page"}],"author":[{"embeddable":true,"href":"https:\/\/ascendbim.com\/en\/wp-json\/wp\/v2\/users\/1"}],"replies":[{"embeddable":true,"href":"https:\/\/ascendbim.com\/en\/wp-json\/wp\/v2\/comments?post=1040"}],"version-history":[{"count":5,"href":"https:\/\/ascendbim.com\/en\/wp-json\/wp\/v2\/pages\/1040\/revisions"}],"predecessor-version":[{"id":1045,"href":"https:\/\/ascendbim.com\/en\/wp-json\/wp\/v2\/pages\/1040\/revisions\/1045"}],"wp:attachment":[{"href":"https:\/\/ascendbim.com\/en\/wp-json\/wp\/v2\/media?parent=1040"}],"curies":[{"name":"wp","href":"https:\/\/api.w.org\/{rel}","templated":true}]}}